{"id":6,"date":"2020-06-25T12:17:39","date_gmt":"2020-06-25T12:17:39","guid":{"rendered":"http:\/\/asvn.fr\/?page_id=6"},"modified":"2022-03-16T13:08:00","modified_gmt":"2022-03-16T13:08:00","slug":"a-propos","status":"publish","type":"page","link":"https:\/\/asvn.fr\/?page_id=6","title":{"rendered":"A propos"},"content":{"rendered":"<p><img loading=\"lazy\" decoding=\"async\" class=\"alignnone size-full wp-image-632\" src=\"https:\/\/asvn.fr\/wp-content\/uploads\/2022\/03\/logo-small.png\" alt=\"\" width=\"216\" height=\"201\" \/><\/p>\n<p>L&rsquo;Association Sportive Vence Natation est le regroupement des 2 clubs charg\u00e9s de l&rsquo;organisation des activit\u00e9s aquatiques de la piscine Jean Maret.<\/p>\n<p><a href=\"https:\/\/asvn.fr\/wp-content\/uploads\/2014\/05\/Nice-Matin.jpg\"><img loading=\"lazy\" decoding=\"async\" class=\"alignnone size-large wp-image-77\" src=\"https:\/\/asvn.fr\/wp-content\/uploads\/2014\/05\/Nice-Matin-858x1024.jpg\" alt=\"Nice Matin\" width=\"858\" height=\"1024\" srcset=\"https:\/\/asvn.fr\/wp-content\/uploads\/2014\/05\/Nice-Matin-858x1024.jpg 858w, https:\/\/asvn.fr\/wp-content\/uploads\/2014\/05\/Nice-Matin-251x300.jpg 251w, https:\/\/asvn.fr\/wp-content\/uploads\/2014\/05\/Nice-Matin.jpg 1252w\" sizes=\"auto, (max-width: 858px) 100vw, 858px\" \/><\/a><\/p>\n<p>L&rsquo;association propose diff\u00e9rentes activit\u00e9s, les cours pour enfants mais aussi adultes, l&rsquo;aquagym&#8230;<\/p>\n<p><span style=\"color: #333333; line-height: 1.5em;\">La piscine de Vence\u00a0est une piscine de plein air, ouverte pendant la saison estivale.<\/span><\/p>\n<h3><a href=\"https:\/\/asvn.fr\/wp-content\/uploads\/2014\/05\/Grand-bassin.jpg\"><img loading=\"lazy\" decoding=\"async\" class=\"alignnone size-large wp-image-27\" src=\"https:\/\/asvn.fr\/wp-content\/uploads\/2014\/05\/Grand-bassin-1024x630.jpg\" alt=\"Grand bassin\" width=\"960\" height=\"590\" \/><\/a>Le grand bassin de natation de la piscine de Vence<\/h3>\n<p>Elle se situe dans le quartier appel\u00e9 \u00a0\u00bb La Ferrage\u00a0\u00bb, \u00e0 cot\u00e9 de la m\u00e9diath\u00e8que, pr\u00e8s du centre-ville.<\/p>\n<div>\n<p>Cette piscine est \u00e9quip\u00e9e d&rsquo;un grand bassin de\u00a0natation\u00a0ainsi que d&rsquo;un petit bassin.<\/p>\n<p>Ce dernier est plus d\u00e9di\u00e9 aux enfants et aux activit\u00e9s ludiques.<\/p>\n<\/div>\n","protected":false},"excerpt":{"rendered":"<p>L&rsquo;Association Sportive Vence Natation est le regroupement des 2 clubs charg\u00e9s de l&rsquo;organisation des activit\u00e9s aquatiques de la piscine Jean Maret. L&rsquo;association propose diff\u00e9rentes activit\u00e9s, les cours pour enfants mais aussi adultes, l&rsquo;aquagym&#8230; La piscine de Vence\u00a0est une piscine de &hellip; <a href=\"https:\/\/asvn.fr\/?page_id=6\">Continuer la lecture <span class=\"meta-nav\">&rarr;<\/span><\/a><\/p>\n","protected":false},"author":1,"featured_media":0,"parent":0,"menu_order":0,"comment_status":"closed","ping_status":"closed","template":"","meta":{"footnotes":""},"class_list":["post-6","page","type-page","status-publish","hentry"],"_links":{"self":[{"href":"https:\/\/asvn.fr\/index.php?rest_route=\/wp\/v2\/pages\/6","targetHints":{"allow":["GET"]}}],"collection":[{"href":"https:\/\/asvn.fr\/index.php?rest_route=\/wp\/v2\/pages"}],"about":[{"href":"https:\/\/asvn.fr\/index.php?rest_route=\/wp\/v2\/types\/page"}],"author":[{"embeddable":true,"href":"https:\/\/asvn.fr\/index.php?rest_route=\/wp\/v2\/users\/1"}],"replies":[{"embeddable":true,"href":"https:\/\/asvn.fr\/index.php?rest_route=%2Fwp%2Fv2%2Fcomments&post=6"}],"version-history":[{"count":6,"href":"https:\/\/asvn.fr\/index.php?rest_route=\/wp\/v2\/pages\/6\/revisions"}],"predecessor-version":[{"id":686,"href":"https:\/\/asvn.fr\/index.php?rest_route=\/wp\/v2\/pages\/6\/revisions\/686"}],"wp:attachment":[{"href":"https:\/\/asvn.fr\/index.php?rest_route=%2Fwp%2Fv2%2Fmedia&parent=6"}],"curies":[{"name":"wp","href":"https:\/\/api.w.org\/{rel}","templated":true}]}}