{"id":39,"date":"2021-05-08T09:40:00","date_gmt":"2021-05-08T09:40:00","guid":{"rendered":"http:\/\/asvn.fr\/?page_id=39"},"modified":"2026-04-20T07:15:45","modified_gmt":"2026-04-20T05:15:45","slug":"inscription-adhesion","status":"publish","type":"page","link":"https:\/\/asvn.fr\/?page_id=39","title":{"rendered":"Inscriptions"},"content":{"rendered":"\n<p><strong>Les journ\u00e9es d\u2019inscription :\u00a0<\/strong> Elles auront lieu \u00e0 la Salle des Pompiers situ\u00e9e au 301 avenue Rhin et Danube \u00e0 Vence. Les dates et horaires sont :\u00a0<br>&#8211; 25 Avril de 10h00 \u00e0 12h00<br>&#8211; 28 avril de 18h00 \u00e0 19h30<\/p>\n\n\n\n<p><strong>Prix de l&rsquo;Adh\u00e9sion :&nbsp;<\/strong>Adh\u00e9sion unique Saison, par adh\u00e9rent.e, de 120 euros. Le paiement ne peut se faire qu&rsquo;en esp\u00e8ce ou par ch\u00e8que.<\/p>\n\n\n\n<p><strong>\u00c9quipements :\u00a0<\/strong><br><strong>&#8211; Obligatoires<\/strong>: planche, pull-boy, palmes et plaquettes \u00a0 \u00a0 \u00a0 \u00a0 \u00a0 \u00a0 \u00a0 \u00a0 \u00a0 \u00a0 \u00a0<br><em>Nota : La Piscine de la Colle du Loup devrait nous mettre \u00e0 disposition planches et pull boys.<\/em><br>&#8211; <strong>Optionnels<\/strong> ( mais fortement conseill\u00e9s ) : \u00e9lastiques (pour les jambes) et tuba frontal.<br>Si vous avez besoin de vous \u00e9quiper, consultez la page <strong><a href=\"https:\/\/asvn.fr\/?page_id=1422\" target=\"_blank\" rel=\"noreferrer noopener\">EQUIPEMETS<\/a><\/strong><\/p>\n\n\n\n<p><\/p>\n\n\n\n<p><strong>Les documents<\/strong> : <br>&#8211; La Fiche d&rsquo;inscription : <a href=\"https:\/\/asvn.fr\/wp-content\/uploads\/2026\/04\/ASVN-fiche-inscription-2026.xlsx\" target=\"_blank\" rel=\"noreferrer noopener\">au format EXCEL<\/a> &#8211; <a href=\"https:\/\/asvn.fr\/wp-content\/uploads\/2026\/04\/ASVN-fiche-inscription-2026.pdf\" target=\"_blank\" rel=\"noreferrer noopener\">au format PDF<\/a><br>&#8211; Un certificat m\u00e9dical de pratique de la natation<br>&#8211; ou le questionnaire de Sant\u00e9 ( si votre certificat m\u00e9dical date de moins de 3 ans ) : <br><a href=\"https:\/\/asvn.fr\/wp-content\/uploads\/2022\/05\/ASVN_QS_adultes.pdf\" target=\"_blank\" rel=\"noreferrer noopener\">Pour un Adulte<\/a> &#8211; <a href=\"https:\/\/asvn.fr\/wp-content\/uploads\/2022\/05\/ASVN_QS_enfants.pdf\" target=\"_blank\" rel=\"noreferrer noopener\">Pour un Enfant<\/a><\/p>\n\n\n\n<p style=\"font-size:12px\"><em>(**) : pour s\u2019inscrire et suivre les cours ASVN, il est n\u00e9cessaire de pouvoir sauter ou plonger sans appr\u00e9hension, s\u2019immerger dans l\u2019eau, nager sur le dos et sur le ventre, parcourir au moins 25 m\u00e8tres dans le grand bassin (en brasse et (id\u00e9alement) en crawl), sans s\u2019arr\u00eater en toute autonomie, sans aucune aide de mat\u00e9riel de flottaison, sans se tenir \u00e0 la ligne ou au bord du bassin. Le niveau de chaque nageur sera valid\u00e9 par une \u00ab \u00e9valuation dans l\u2019eau \u00bb faite par l\u2019un de nos Maitre Nageurs Entraineurs lors d\u2019une s\u00e9ance d\u2019essai.<\/em><\/p>\n\n\n\n<hr class=\"wp-block-separator has-alpha-channel-opacity\"\/>\n\n\n\n<p>Pour notre Politique de confidentialit\u00e9 \/ RGPD ( <a href=\"https:\/\/asvn.fr\/wp-content\/uploads\/2022\/06\/RGPD.pdf\" target=\"_blank\" rel=\"noreferrer noopener\">ICI<\/a> ) <\/p>\n\n\n\n<p class=\"has-small-font-size\"><strong><mark style=\"background-color:rgba(0, 0, 0, 0)\" class=\"has-inline-color has-vivid-red-color\">INFORMATION<\/mark><\/strong><br>Les cours Adultes pourront, sur demande expresse des Parents, \u00eatre accessibles aux Adolescent-e-s sous certaines conditions, \u00e0 savoir :<br>1 &#8211; L&rsquo;adolescent-e devra \u00eatre \u00e2g\u00e9-e de 15 ans r\u00e9volu au 1er Juin 2024<br>2 &#8211; Sous r\u00e9serve qu&rsquo;il y ait de la place dans les cours Adulte.<br>3 &#8211; avec Validation d&rsquo;un Coach<br>4 &#8211; avec Validation du Bureau ASVN<\/p>\n\n\n\n<p>&#8212;&#8212;&#8212;&#8212;&#8212;&#8212;&#8212;&#8212;&#8212;&#8212;&#8212;&#8212;&#8212;&#8212;&#8212;&#8212;&#8212;&#8212;&#8212;&#8212;&#8212;&#8212;&#8212;&#8212;&#8212;&#8212;&#8212;&#8212;&#8212;&#8211;<\/p>\n\n\n\n<p class=\"has-text-align-center\">Pratiquer une activit\u00e9 physiques dans l&rsquo;eau est un bienfait pour le corps et l&rsquo;esprit &#8230;<\/p>\n\n\n\n<p class=\"has-text-align-center\">VENEZ TOUS &amp; TOUTES NAGER !!!<\/p>\n\n\n<p style=\"text-align: center;\">Si vous souhaitez, n&rsquo;h\u00e9sitez pas \u00e0 nous envoyer un <a href=\"mailto:a.s.vence.natation@gmail.com\">message<\/a>.<\/p>\n<p><a href=\"https:\/\/asvn.fr\/wp-content\/uploads\/2022\/03\/logo-small.png\"><img loading=\"lazy\" decoding=\"async\" class=\"size-full wp-image-632 aligncenter\" src=\"https:\/\/asvn.fr\/wp-content\/uploads\/2022\/03\/logo-small.png\" alt=\"\" width=\"216\" height=\"201\" \/><\/a><\/p>\n\n<div class=\"wp-block-image\">\n<figure class=\"aligncenter size-large\"><a href=\"https:\/\/asvn.fr\/wp-content\/uploads\/2022\/06\/IMG20220615201837-scaled.jpg\"><img loading=\"lazy\" decoding=\"async\" width=\"1024\" height=\"461\" src=\"https:\/\/asvn.fr\/wp-content\/uploads\/2022\/06\/IMG20220615201837-1024x461.jpg\" alt=\"\" class=\"wp-image-895\" srcset=\"https:\/\/asvn.fr\/wp-content\/uploads\/2022\/06\/IMG20220615201837-1024x461.jpg 1024w, https:\/\/asvn.fr\/wp-content\/uploads\/2022\/06\/IMG20220615201837-300x135.jpg 300w, https:\/\/asvn.fr\/wp-content\/uploads\/2022\/06\/IMG20220615201837-768x346.jpg 768w, https:\/\/asvn.fr\/wp-content\/uploads\/2022\/06\/IMG20220615201837-1536x691.jpg 1536w, https:\/\/asvn.fr\/wp-content\/uploads\/2022\/06\/IMG20220615201837-2048x922.jpg 2048w\" sizes=\"auto, (max-width: 1024px) 100vw, 1024px\" \/><\/a><\/figure>\n<\/div>","protected":false},"excerpt":{"rendered":"<p>Les journ\u00e9es d\u2019inscription :\u00a0 Elles auront lieu \u00e0 la Salle des Pompiers situ\u00e9e au 301 avenue Rhin et Danube \u00e0 Vence. Les dates et horaires sont :\u00a0&#8211; 25 Avril de 10h00 \u00e0 12h00&#8211; 28 avril de 18h00 \u00e0 19h30 Prix &hellip; <a href=\"https:\/\/asvn.fr\/?page_id=39\">Continuer la lecture <span class=\"meta-nav\">&rarr;<\/span><\/a><\/p>\n","protected":false},"author":2,"featured_media":0,"parent":0,"menu_order":0,"comment_status":"closed","ping_status":"closed","template":"","meta":{"footnotes":""},"class_list":["post-39","page","type-page","status-publish","hentry"],"_links":{"self":[{"href":"https:\/\/asvn.fr\/index.php?rest_route=\/wp\/v2\/pages\/39","targetHints":{"allow":["GET"]}}],"collection":[{"href":"https:\/\/asvn.fr\/index.php?rest_route=\/wp\/v2\/pages"}],"about":[{"href":"https:\/\/asvn.fr\/index.php?rest_route=\/wp\/v2\/types\/page"}],"author":[{"embeddable":true,"href":"https:\/\/asvn.fr\/index.php?rest_route=\/wp\/v2\/users\/2"}],"replies":[{"embeddable":true,"href":"https:\/\/asvn.fr\/index.php?rest_route=%2Fwp%2Fv2%2Fcomments&post=39"}],"version-history":[{"count":178,"href":"https:\/\/asvn.fr\/index.php?rest_route=\/wp\/v2\/pages\/39\/revisions"}],"predecessor-version":[{"id":2003,"href":"https:\/\/asvn.fr\/index.php?rest_route=\/wp\/v2\/pages\/39\/revisions\/2003"}],"wp:attachment":[{"href":"https:\/\/asvn.fr\/index.php?rest_route=%2Fwp%2Fv2%2Fmedia&parent=39"}],"curies":[{"name":"wp","href":"https:\/\/api.w.org\/{rel}","templated":true}]}}