{"id":30,"date":"2021-04-12T19:51:05","date_gmt":"2021-04-12T19:51:05","guid":{"rendered":"http:\/\/asvn.fr\/?page_id=30"},"modified":"2026-03-29T16:48:36","modified_gmt":"2026-03-29T14:48:36","slug":"bienvenue","status":"publish","type":"page","link":"https:\/\/asvn.fr\/","title":{"rendered":"Pour 2026 &#8230;"},"content":{"rendered":"\n<p class=\"has-text-align-center\"><strong><mark style=\"background-color:rgba(0, 0, 0, 0)\" class=\"has-inline-color has-vivid-red-color\">SI VOUS SOUHAITEZ NAGER AVEC ASVN EN 2026<\/mark><br><mark style=\"background-color:rgba(0, 0, 0, 0)\" class=\"has-inline-color has-vivid-red-color\">ENVOYEZ UN MAIL A <a href=\"mailto:info@asvn.fr\">info@asvn.fr<\/a><\/mark><\/strong><\/p>\n\n\n\n<div class=\"wp-block-media-text is-stacked-on-mobile\" style=\"grid-template-columns:65% auto\"><figure class=\"wp-block-media-text__media\"><img loading=\"lazy\" decoding=\"async\" width=\"1024\" height=\"576\" src=\"https:\/\/asvn.fr\/wp-content\/uploads\/2026\/03\/2-1024x576.jpg\" alt=\"\" class=\"wp-image-1982 size-full\" srcset=\"https:\/\/asvn.fr\/wp-content\/uploads\/2026\/03\/2-1024x576.jpg 1024w, https:\/\/asvn.fr\/wp-content\/uploads\/2026\/03\/2-300x169.jpg 300w, https:\/\/asvn.fr\/wp-content\/uploads\/2026\/03\/2-768x432.jpg 768w, https:\/\/asvn.fr\/wp-content\/uploads\/2026\/03\/2.jpg 1366w\" sizes=\"auto, (max-width: 1024px) 100vw, 1024px\" \/><\/figure><div class=\"wp-block-media-text__content\">\n<p class=\"has-text-align-center\"><strong>Dans la perspective des travaux de la piscine, nous \u00e9tudions la possibilit\u00e9 de proposer des activit\u00e9s de Natation Adulteset Enfants \u00e0 la piscine de la Colle sur Loup.<\/strong><\/p>\n<\/div><\/div>\n\n\n\n<p><strong>Activit\u00e9s propos\u00e9es :<\/strong> Cours de natation uniquement (nous sommes d\u00e9sol\u00e9s, mais aucun cr\u00e9neau possible pour l\u2019aquagym ou l\u2019aquabike car nous n&rsquo;avons acc\u00e8s un bassin pour cette activit\u00e9).<\/p>\n\n\n\n<p><strong>P\u00e9riode de la saison :<\/strong> De mi-mai \u00e0 fin octobre.<\/p>\n\n\n\n<p><strong>Organisation pr\u00e9visionnelle des cr\u00e9neaux :<\/strong><br>. <strong>Mai :<\/strong> Samedi : 9h00\/10h00 Adultes et 10h00\/11h00&nbsp;Adultes et enfants<br>. <strong>Juin :<\/strong> Samedi : 9h00\/10h00 Adultes &#8211; 10h00\/11h00 Adultes et enfants En plus \u00e0 partir du 15 juin les Jeudi : 18h45\/19h45 Enfants &#8211; 19h45\/20h45 Adultes<br>. <strong>Juillet &amp; Ao\u00fbt :<\/strong> Lundi : 20h00\/21h00 Adultes &#8211; Mardi : 20h00\/21h00 Adultes &#8211; Jeudi : 19h00\/20h00 Enfants &#8211; 20h00\/21h00 Adultes &#8211; Samedi : 9h00\/10h00 Adultes &#8211; 10h00\/11h00 Enfants<br>. <strong>Septembre &amp; Octobre :<\/strong> Samedi : 9h00\/10h00 Adultes &#8211; 10h00\/11h00 Adultes et enfants<\/p>\n\n\n\n<p><strong>Modalit\u00e9s de la Saisons :<\/strong><br>. Adh\u00e9sion unique: entre 110 et 130 \u20ac pour 1 et\/ou 2 s\u00e9ances par semaine selon les p\u00e9riodes<br>. 1 Coach par niveau (Adultes \/ Enfants &#8211; d\u00e9butants \/&nbsp;confirm\u00e9s )<br>. Nombre de places limit\u00e9 par tranche horaire.<br>. Pr\u00e9-inscription pr\u00e9visionnelle aux s\u00e9ances via une application \u00ab Spond \u00bb<\/p>\n\n\n\n<p class=\"has-text-align-center has-medium-font-size\"><strong><mark style=\"background-color:rgba(0, 0, 0, 0)\" class=\"has-inline-color has-vivid-red-color\">SI VOUS SOUHAITEZ NAGER AVEC ASVN EN 2026<\/mark><br><mark style=\"background-color:rgba(0, 0, 0, 0)\" class=\"has-inline-color has-vivid-red-color\">ENVOYEZ UN MAIL A <a href=\"mailto:info@asvn.fr\">info@asvn.fr<\/a><\/mark><\/strong><\/p>\n\n\n\n<hr class=\"wp-block-separator has-alpha-channel-opacity\"\/>\n\n\n\n<div class=\"wp-block-media-text is-stacked-on-mobile\" style=\"grid-template-columns:56% auto\"><figure class=\"wp-block-media-text__media\"><img loading=\"lazy\" decoding=\"async\" width=\"1013\" height=\"1024\" src=\"https:\/\/asvn.fr\/wp-content\/uploads\/2024\/07\/Capture-decran-2024-07-16-a-16.07.45-1013x1024.png\" alt=\"\" class=\"wp-image-1827 size-full\" srcset=\"https:\/\/asvn.fr\/wp-content\/uploads\/2024\/07\/Capture-decran-2024-07-16-a-16.07.45-1013x1024.png 1013w, https:\/\/asvn.fr\/wp-content\/uploads\/2024\/07\/Capture-decran-2024-07-16-a-16.07.45-297x300.png 297w, https:\/\/asvn.fr\/wp-content\/uploads\/2024\/07\/Capture-decran-2024-07-16-a-16.07.45-768x776.png 768w, https:\/\/asvn.fr\/wp-content\/uploads\/2024\/07\/Capture-decran-2024-07-16-a-16.07.45.png 1520w\" sizes=\"auto, (max-width: 1013px) 100vw, 1013px\" \/><\/figure><div class=\"wp-block-media-text__content\">\n<p class=\"has-text-align-center\">Merci \u00e0 tous nos Adh\u00e9rents, Adh\u00e9rentes 2024 !!!<br>Merci \u00e0 nos Coachs 2024 !!!<\/p>\n\n\n\n<p class=\"has-text-align-center has-black-color has-text-color has-link-color wp-elements-52501ba46fcb8ad5a3a721b80ae3a1c6\">Le traditionnel<br>#mode_OFF #mode_ON <br>d\u00e9montre que vous \u00eates de plus en plus nombreux \u00e0 nous rejoindre !<\/p>\n\n\n\n<p class=\"has-text-align-center\">Nageurs, Nageuses, Aquagymeurs, Aquagymeuses, Coachs<\/p>\n\n\n\n<p class=\"has-text-align-center\" style=\"font-size:25px\"><strong>VOUS \u00caTES AU TOP<\/strong><\/p>\n<\/div><\/div>\n\n\n\n<hr class=\"wp-block-separator has-alpha-channel-opacity\"\/>\n\n\n\n<p class=\"has-text-align-center has-luminous-vivid-orange-color has-text-color has-link-color has-medium-font-size wp-elements-886a2af22c7e5ff196196fa75d9d467e\" style=\"text-decoration:underline\">.::. <strong>SAISON 202<\/strong>3 .::.<\/p>\n\n\n\n<p class=\"has-text-align-center\"><strong>\u00c9dition 2023 &#8230; <a href=\"https:\/\/www.youtube.com\/watch?v=RknP8ufq6pA&amp;t=200s\" target=\"_blank\" rel=\"noreferrer noopener\">VID\u00c9O de nos EXPLOITS<\/a><\/strong><br><strong>CLAP DE FIN &#8230;. <a href=\"https:\/\/www.youtube.com\/watch?v=ICLfhsWWdoc\" target=\"_blank\" rel=\"noreferrer noopener\">LA VID\u00c9O<\/a><\/strong><\/p>\n\n\n\n<p class=\"has-text-align-center has-luminous-vivid-orange-color has-text-color has-link-color has-medium-font-size wp-elements-d7907b3997983ea06a9db9f8c2fb898a\" style=\"text-decoration:underline\">.::. <strong>SAISON 2022<\/strong> <a href=\"https:\/\/asvn.fr\/?page_id=1813\" data-type=\"page\" data-id=\"1813\" target=\"_blank\" rel=\"noreferrer noopener\">.<\/a>::.<\/p>\n\n\n\n<p class=\"has-text-align-center\" style=\"font-size:16px\"><strong>CLAP DE FIN <a href=\"https:\/\/www.youtube.com\/watch?v=AaY99768mBE\" target=\"_blank\" rel=\"noreferrer noopener\">. LA VIDEO .<\/a><\/strong><br><strong>Travers\u00e9e \u00e0 la nage 2022 des iles du L\u00e9rins \u2026 on y \u00e9tait !!!<\/strong><br>( <a href=\"https:\/\/www.youtube.com\/watch?v=V54RLnT750E\" target=\"_blank\" rel=\"noreferrer noopener\">. VID\u00c9O LERINS 2022 .<\/a> )<\/p>\n\n\n<div class=\"wp-block-image\">\n<figure class=\"aligncenter size-large is-resized\"><a href=\"https:\/\/asvn.fr\/?page_id=1165\"><img loading=\"lazy\" decoding=\"async\" width=\"1024\" height=\"768\" src=\"https:\/\/asvn.fr\/wp-content\/uploads\/2022\/09\/WhatsApp-Image-2022-09-04-at-10.29.44-1024x768.jpeg\" alt=\"\" class=\"wp-image-1186\" style=\"width:501px;height:377px\" srcset=\"https:\/\/asvn.fr\/wp-content\/uploads\/2022\/09\/WhatsApp-Image-2022-09-04-at-10.29.44-1024x768.jpeg 1024w, https:\/\/asvn.fr\/wp-content\/uploads\/2022\/09\/WhatsApp-Image-2022-09-04-at-10.29.44-300x225.jpeg 300w, https:\/\/asvn.fr\/wp-content\/uploads\/2022\/09\/WhatsApp-Image-2022-09-04-at-10.29.44-768x576.jpeg 768w, https:\/\/asvn.fr\/wp-content\/uploads\/2022\/09\/WhatsApp-Image-2022-09-04-at-10.29.44-1536x1152.jpeg 1536w, https:\/\/asvn.fr\/wp-content\/uploads\/2022\/09\/WhatsApp-Image-2022-09-04-at-10.29.44.jpeg 1600w\" sizes=\"auto, (max-width: 1024px) 100vw, 1024px\" \/><\/a><\/figure>\n<\/div>\n\n\n<hr class=\"wp-block-separator has-css-opacity\"\/>\n\n\n\n<p class=\"has-text-align-center has-black-color has-text-color has-link-color has-medium-font-size wp-elements-bf4100abfa5265cd2ef7b05749723054\" style=\"font-style:normal;font-weight:800\"><strong>2022 #MODE<a href=\"https:\/\/asvn.fr\/?page_id=1813\" data-type=\"page\" data-id=\"1813\" target=\"_blank\" rel=\"noreferrer noopener\">_<\/a>ON #MODE_OFF<\/strong><\/p>\n\n\n<div class=\"wp-block-image\">\n<figure class=\"aligncenter size-large\"><a href=\"https:\/\/asvn.fr\/wp-content\/uploads\/2022\/06\/20220615_213926.jpg\"><img loading=\"lazy\" decoding=\"async\" width=\"1024\" height=\"1024\" src=\"https:\/\/asvn.fr\/wp-content\/uploads\/2022\/06\/20220615_213926-1024x1024.jpg\" alt=\"\" class=\"wp-image-894\" srcset=\"https:\/\/asvn.fr\/wp-content\/uploads\/2022\/06\/20220615_213926-1024x1024.jpg 1024w, https:\/\/asvn.fr\/wp-content\/uploads\/2022\/06\/20220615_213926-300x300.jpg 300w, https:\/\/asvn.fr\/wp-content\/uploads\/2022\/06\/20220615_213926-150x150.jpg 150w, https:\/\/asvn.fr\/wp-content\/uploads\/2022\/06\/20220615_213926-768x768.jpg 768w, https:\/\/asvn.fr\/wp-content\/uploads\/2022\/06\/20220615_213926.jpg 1200w\" sizes=\"auto, (max-width: 1024px) 100vw, 1024px\" \/><\/a><\/figure>\n<\/div>\n\n\n<p><\/p>\n","protected":false},"excerpt":{"rendered":"<p>SI VOUS SOUHAITEZ NAGER AVEC ASVN EN 2026ENVOYEZ UN MAIL A info@asvn.fr Dans la perspective des travaux de la piscine, nous \u00e9tudions la possibilit\u00e9 de proposer des activit\u00e9s de Natation Adulteset Enfants \u00e0 la piscine de la Colle sur Loup. &hellip; <a href=\"https:\/\/asvn.fr\/\">Continuer la lecture <span class=\"meta-nav\">&rarr;<\/span><\/a><\/p>\n","protected":false},"author":2,"featured_media":0,"parent":0,"menu_order":0,"comment_status":"closed","ping_status":"closed","template":"","meta":{"footnotes":""},"class_list":["post-30","page","type-page","status-publish","hentry"],"_links":{"self":[{"href":"https:\/\/asvn.fr\/index.php?rest_route=\/wp\/v2\/pages\/30","targetHints":{"allow":["GET"]}}],"collection":[{"href":"https:\/\/asvn.fr\/index.php?rest_route=\/wp\/v2\/pages"}],"about":[{"href":"https:\/\/asvn.fr\/index.php?rest_route=\/wp\/v2\/types\/page"}],"author":[{"embeddable":true,"href":"https:\/\/asvn.fr\/index.php?rest_route=\/wp\/v2\/users\/2"}],"replies":[{"embeddable":true,"href":"https:\/\/asvn.fr\/index.php?rest_route=%2Fwp%2Fv2%2Fcomments&post=30"}],"version-history":[{"count":313,"href":"https:\/\/asvn.fr\/index.php?rest_route=\/wp\/v2\/pages\/30\/revisions"}],"predecessor-version":[{"id":1984,"href":"https:\/\/asvn.fr\/index.php?rest_route=\/wp\/v2\/pages\/30\/revisions\/1984"}],"wp:attachment":[{"href":"https:\/\/asvn.fr\/index.php?rest_route=%2Fwp%2Fv2%2Fmedia&parent=30"}],"curies":[{"name":"wp","href":"https:\/\/api.w.org\/{rel}","templated":true}]}}