{"id":1422,"date":"2023-06-09T03:55:11","date_gmt":"2023-06-09T03:55:11","guid":{"rendered":"https:\/\/asvn.fr\/?page_id=1422"},"modified":"2025-11-01T16:33:25","modified_gmt":"2025-11-01T15:33:25","slug":"notice-equipements","status":"publish","type":"page","link":"https:\/\/asvn.fr\/?page_id=1422","title":{"rendered":"\u00c9quipements"},"content":{"rendered":"\n<p>Nous vous proposons ci-dessous un liste d\u2019\u00e9quipements de nage qui peuvent \u00eatre utilis\u00e9s en Piscine ou en Eau libre \/ Mer. Les liens vers les sites marchands sont donn\u00e9s \u00e0 titre indicatif.<strong><br>N\u2019h\u00e9sitez pas \u00e0 discuter avec les Coachs pour avoir des conseils<\/strong><\/p>\n\n\n\n<hr class=\"wp-block-separator has-alpha-channel-opacity\"\/>\n\n\n\n<div class=\"wp-block-media-text is-stacked-on-mobile\" style=\"grid-template-columns:20% auto\"><figure class=\"wp-block-media-text__media\"><img loading=\"lazy\" decoding=\"async\" width=\"159\" height=\"196\" src=\"https:\/\/asvn.fr\/wp-content\/uploads\/2025\/11\/Capture-decran-2025-11-01-a-16.32.35.png\" alt=\"\" class=\"wp-image-1968 size-full\"\/><\/figure><div class=\"wp-block-media-text__content\">\n<p><strong>Filet ou Mesh Bag : <\/strong>Pour ranger votre Matos, vous pouvez prendre un sac IKEA (<strong> \ud83d\ude09<\/strong> ) ou alors un Mesh Bag adapt\u00e9 . ( exemples chez 4nages <strong><a href=\"https:\/\/les4nages.com\/contents\/fr\/d147_mesh_bag.html\" target=\"_blank\" rel=\"noreferrer noopener\">ICI<\/a><\/strong> )<\/p>\n<\/div><\/div>\n\n\n\n<div class=\"wp-block-group is-nowrap is-layout-flex wp-container-core-group-is-layout-ad2f72ca wp-block-group-is-layout-flex\">\n<figure class=\"wp-block-image size-full\"><a href=\"https:\/\/asvn.fr\/wp-content\/uploads\/2023\/06\/pull-1-e1686313488574.png\"><img loading=\"lazy\" decoding=\"async\" width=\"200\" height=\"125\" src=\"https:\/\/asvn.fr\/wp-content\/uploads\/2023\/06\/pull-1-e1686313488574.png\" alt=\"\" class=\"wp-image-1441\"\/><\/a><\/figure>\n\n\n\n<p><strong>Pull Boy : <\/strong>choix large, formes nombreuses, prix tr\u00e8s diff\u00e9rents. ( choix chez Decathlon <strong><a href=\"https:\/\/www.decathlon.fr\/browse\/c0-tous-les-sports\/c1-natation\/c3-planches-natation-pull-buoys\/nature-pull-buoy\/_\/N-5ofjbeZ1jrxjz7\" target=\"_blank\" rel=\"noreferrer noopener\">ICI<\/a><\/strong> )<\/p>\n<\/div>\n\n\n\n<div class=\"wp-block-group is-nowrap is-layout-flex wp-container-core-group-is-layout-ad2f72ca wp-block-group-is-layout-flex\">\n<figure class=\"wp-block-image size-full is-resized\"><a href=\"https:\/\/asvn.fr\/wp-content\/uploads\/2023\/06\/elastic-e1686313629186.png\"><img loading=\"lazy\" decoding=\"async\" width=\"150\" height=\"113\" src=\"https:\/\/asvn.fr\/wp-content\/uploads\/2023\/06\/elastic-e1686313629186.png\" alt=\"\" class=\"wp-image-1442\" style=\"width:143px;height:108px\"\/><\/a><\/figure>\n\n\n\n<p><strong>\u00c9lastiques Jambes : <\/strong>Vous pouvez en trouver chez Decathlon ( <strong><a href=\"https:\/\/www.decathlon.fr\/p\/elastique-de-natation-pour-chevilles-900\/_\/R-p-329035?mc=8605322\" target=\"_blank\" rel=\"noreferrer noopener\">ICI<\/a><\/strong> ) mais aussi le faire vous-m\u00eame avec une chambre \u00e0 air<\/p>\n<\/div>\n\n\n\n<div class=\"wp-block-group is-nowrap is-layout-flex wp-container-core-group-is-layout-ad2f72ca wp-block-group-is-layout-flex\">\n<figure class=\"wp-block-image size-full is-resized\"><a href=\"https:\/\/asvn.fr\/wp-content\/uploads\/2023\/06\/tuba-e1686313730501.png\"><img loading=\"lazy\" decoding=\"async\" width=\"100\" height=\"130\" src=\"https:\/\/asvn.fr\/wp-content\/uploads\/2023\/06\/tuba-e1686313730501.png\" alt=\"\" class=\"wp-image-1444\" style=\"width:101px;height:131px\"\/><\/a><\/figure>\n\n\n\n<p><strong>Tuba Frontal <\/strong>: permet de nager sans interrompre la nage avec votre respiration, en vous concentrant sur votre technique &#8211; Exemple chez Decathlon&nbsp; <strong><a href=\"https:\/\/www.decathlon.fr\/p\/tuba-frontal-de-natation-taille-s\/_\/R-p-149028?mc=8574320&amp;utm_source=google&amp;utm_medium=sea&amp;utm_campaign=shopping_mq_backup_nabaiji&amp;gclid=CjwKCAjw-IWkBhBTEiwA2exyOw6RUrXSl6BbQwLSjscN3t6WntKN-vBtIquvia6GK2FcwLxrKoRZ5BoCmtwQAvD_BwE\" target=\"_blank\" rel=\"noreferrer noopener\">ICI<\/a><\/strong><\/p>\n<\/div>\n\n\n\n<div class=\"wp-block-group is-nowrap is-layout-flex wp-container-core-group-is-layout-ad2f72ca wp-block-group-is-layout-flex\">\n<figure class=\"wp-block-image size-large is-resized\"><a href=\"https:\/\/asvn.fr\/wp-content\/uploads\/2023\/06\/plaque-e1686315776142.png\"><img loading=\"lazy\" decoding=\"async\" width=\"1024\" height=\"528\" src=\"https:\/\/asvn.fr\/wp-content\/uploads\/2023\/06\/plaque-1024x528.png\" alt=\"\" class=\"wp-image-1443\" style=\"width:247px;height:128px\"\/><\/a><\/figure>\n\n\n\n<p><strong>Plaquettes : <\/strong>Il nous semble important de vous orienter vers des plaquettes \u00ab&nbsp;plates&nbsp;\u00bb ( pas celle qui son arrondies) mais aussi de taille raisonnable et adapt\u00e9e \u00e0 votre main, \u00e0 votre morphologie. Des plaquettes trop grandes risque de provoquer des douleurs musculaires ou articulaires, voire des blessures. Quelques exemples ci-dessous : <\/p>\n<\/div>\n\n\n\n<p><strong>Plaquettes Malmsten Jaune ( taille M ) : <a href=\"https:\/\/www.tradeinn.com\/swiminn\/fr\/malmsten-palmes-natation-swim-power\/137126999\/p?utm_source=google_products&amp;utm_medium=merchant&amp;id_producte=8480752&amp;country=fr&amp;gad=1&amp;gclid=CjwKCAjw1YCkBhAOEiwA5aN4AchawT6ngKaG0W2xU08XAlCpN3CtmMo65WW68QmdzYjuSYCRwC8OlhoCV7UQAvD_BwE&amp;gclsrc=aw.ds\" target=\"_blank\" rel=\"noreferrer noopener\">ICI<\/a><\/strong> <strong>existe en plusieurs tailles ( <a href=\"https:\/\/pmr.fr\/products\/natation-hand-paddles-swimpower\" target=\"_blank\" rel=\"noreferrer noopener\">ICI<\/a> )<\/strong><br><strong>Plaquettes ZEROD Hand Paddles ( <a href=\"https:\/\/les4nages.com\/contents\/fr\/p6656_plaquettes-zerod-hand-paddles.html?gclid=CjwKCAjw1YCkBhAOEiwA5aN4ARUukGXt6jbtJMbTq4SMR6oE-5xjUwItkHpoomq9yA9WmJRtU1jUSBoC6u8QAvD_BwE\" target=\"_blank\" rel=\"noreferrer noopener\">ICI<\/a> )<\/strong><br><strong>Plaquettes TYR Catalyst Stroke ( <a href=\"https:\/\/www.deporvillage.fr\/plaquettes-tyr-catalyst-stroke?gclid=CjwKCAjw-IWkBhBTEiwA2exyO9tnsouGllELu-oZ52aJQv8EVXLg0qebK9US2s5JJR1BkEvA_3xHaxoCuhgQAvD_BwE\" target=\"_blank\" rel=\"noreferrer noopener\">ICI<\/a> )<\/strong><\/p>\n\n\n\n<div class=\"wp-block-group is-nowrap is-layout-flex wp-container-core-group-is-layout-ad2f72ca wp-block-group-is-layout-flex\">\n<figure class=\"wp-block-image size-full is-resized\"><a href=\"https:\/\/asvn.fr\/wp-content\/uploads\/2023\/06\/planche.png\"><img loading=\"lazy\" decoding=\"async\" width=\"950\" height=\"470\" src=\"https:\/\/asvn.fr\/wp-content\/uploads\/2023\/06\/planche.png\" alt=\"\" class=\"wp-image-1448\" style=\"aspect-ratio:2.044642857142857;width:255px;height:auto\" srcset=\"https:\/\/asvn.fr\/wp-content\/uploads\/2023\/06\/planche.png 950w, https:\/\/asvn.fr\/wp-content\/uploads\/2023\/06\/planche-300x148.png 300w, https:\/\/asvn.fr\/wp-content\/uploads\/2023\/06\/planche-768x380.png 768w\" sizes=\"auto, (max-width: 950px) 100vw, 950px\" \/><\/a><\/figure>\n\n\n\n<p><strong>Planches : <\/strong>petite, moyenne pour pouvoir \u00eatre rang\u00e9e dans son sac ou classique. Il existe aussi de planches qui font pull boy. Vous pouvez aussi utiliser votre Pull Boy en guise de planche. Quelques exemples :<br><strong>mod\u00e8le Moyen : <a href=\"https:\/\/www.tradeinn.com\/swiminn\/fr\/leisis-kickboard-medium\/80935\/p?utm_source=google_products&amp;utm_medium=merchant&amp;id_producte=364231&amp;country=fr&amp;gclsrc=aw.ds&amp;gad_source=1&amp;gad_campaignid=23209457422&amp;gclid=Cj0KCQjw35bIBhDqARIsAGjd-cbiLUS2q4wTka8HvLRV20qQUHSqAUxWIhAtgr5VocJ27htxrLYdBSkaAgjSEALw_wcB\" target=\"_blank\" rel=\"noreferrer noopener\">ICI<\/a><\/strong><br><strong>ou chez Decathlon : <a href=\"https:\/\/www.decathlon.fr\/tous-les-sports\/natation\/planches-natation-pull-buoys?utm_source=google&amp;utm_medium=sea&amp;utm_campaign=fr_t-perf_ct-search_n-search-hm-water-mp_ts-gen_f-cv_o-roas_&amp;utm_term=_n-search-hm-water-mp_ts-gen_pt-pb_yy-natation_planche&amp;gad_source=1&amp;gad_campaignid=1576326862&amp;gclid=Cj0KCQjw35bIBhDqARIsAGjd-cZLTAg-3A3EJgZzjSxjLNhHkn6gFdTAdRjherWkhs-K2dP5FOMm3PYaAgN7EALw_wcB\" target=\"_blank\" rel=\"noreferrer noopener\">ICI<\/a><\/strong><\/p>\n<\/div>\n\n\n\n<div class=\"wp-block-group is-nowrap is-layout-flex wp-container-core-group-is-layout-ad2f72ca wp-block-group-is-layout-flex\">\n<figure class=\"wp-block-image size-full is-resized\"><a href=\"https:\/\/asvn.fr\/wp-content\/uploads\/2023\/06\/zoomer.png\"><img loading=\"lazy\" decoding=\"async\" width=\"794\" height=\"952\" src=\"https:\/\/asvn.fr\/wp-content\/uploads\/2023\/06\/zoomer.png\" alt=\"\" class=\"wp-image-1450\" style=\"aspect-ratio:0.8299319727891157;width:171px;height:auto\" srcset=\"https:\/\/asvn.fr\/wp-content\/uploads\/2023\/06\/zoomer.png 794w, https:\/\/asvn.fr\/wp-content\/uploads\/2023\/06\/zoomer-250x300.png 250w, https:\/\/asvn.fr\/wp-content\/uploads\/2023\/06\/zoomer-768x921.png 768w\" sizes=\"auto, (max-width: 794px) 100vw, 794px\" \/><\/a><\/figure>\n\n\n\n<p><strong>Palmes : <\/strong>On parle ici de palme type Zoomer (petite palme de natation). Ne les prenez pas trop grandes.<br><strong>Un grand choix <a href=\"https:\/\/www.tradeinn.com\/swiminn\/fr\/entrainement-palmes\/6004\/s?_gl=1*11g6cbz*_up*MQ..&amp;gclid=CjwKCAjw-IWkBhBTEiwA2exyO7P2YCun3J6zi41muTIIUd90RqsfJdGUQQdpvapI2DXGUXdqg40H4xoCm64QAvD_BwE&amp;gclsrc=aw.ds\" target=\"_blank\" rel=\"noreferrer noopener\">ICI<\/a><\/strong><br><strong>ou chez Decathlon <a href=\"https:\/\/www.decathlon.fr\/browse\/c0-tous-les-sports\/c1-natation\/c3-palmes-de-natation\/_\/N-96fp9x\" target=\"_blank\" rel=\"noreferrer noopener\">ICI<\/a><\/strong><\/p>\n\n\n\n<p>.<\/p>\n<\/div>\n\n\n\n<div class=\"wp-block-group is-nowrap is-layout-flex wp-container-core-group-is-layout-ad2f72ca wp-block-group-is-layout-flex\">\n<figure class=\"wp-block-image size-full is-resized\"><a href=\"https:\/\/asvn.fr\/wp-content\/uploads\/2023\/06\/bouee.png\"><img loading=\"lazy\" decoding=\"async\" width=\"746\" height=\"396\" src=\"https:\/\/asvn.fr\/wp-content\/uploads\/2023\/06\/bouee.png\" alt=\"\" class=\"wp-image-1452\" style=\"aspect-ratio:1.8807339449541285;width:232px;height:auto\" srcset=\"https:\/\/asvn.fr\/wp-content\/uploads\/2023\/06\/bouee.png 746w, https:\/\/asvn.fr\/wp-content\/uploads\/2023\/06\/bouee-300x159.png 300w\" sizes=\"auto, (max-width: 746px) 100vw, 746px\" \/><\/a><\/figure>\n\n\n\n<p><strong>Bou\u00e9e S\u00e9curit\u00e9 Eau Libre : <\/strong>Si vous nagez en Mer \/ Eau Libre, nous ne saurions trop cous conseiller (voire vous obligez) d\u2019utiliser une bou\u00e9e de nage pour votre s\u00e9curit\u00e9. Vous avez un grand choix sur internet de bou\u00e9es simples ou avec des compartiments de stockage.<br><strong>Bou\u00e9e de nage Eau libre \/ Mer OWS 100 Dec<\/strong> <strong><a href=\"https:\/\/www.decathlon.fr\/p\/bouee-de-nage-en-eau-libre-ows-100\/_\/R-p-310505\" target=\"_blank\" rel=\"noreferrer noopener\">ICI<\/a><\/strong><\/p>\n<\/div>\n\n\n\n<p><\/p>\n\n\n\n<p class=\"has-text-align-center\">Et si vous constatez que des liens n\u2019existent plus, <a href=\"mailto:a.s.vence.natation@gmail.com\" data-type=\"mailto\" data-id=\"mailto:a.s.vence.natation@gmail.com\">pr\u00e9venez nous<\/a><\/p>\n","protected":false},"excerpt":{"rendered":"<p>Nous vous proposons ci-dessous un liste d\u2019\u00e9quipements de nage qui peuvent \u00eatre utilis\u00e9s en Piscine ou en Eau libre \/ Mer. Les liens vers les sites marchands sont donn\u00e9s \u00e0 titre indicatif.N\u2019h\u00e9sitez pas \u00e0 discuter avec les Coachs pour avoir &hellip; <a href=\"https:\/\/asvn.fr\/?page_id=1422\">Continuer la lecture <span class=\"meta-nav\">&rarr;<\/span><\/a><\/p>\n","protected":false},"author":2,"featured_media":0,"parent":0,"menu_order":0,"comment_status":"closed","ping_status":"closed","template":"","meta":{"footnotes":""},"class_list":["post-1422","page","type-page","status-publish","hentry"],"_links":{"self":[{"href":"https:\/\/asvn.fr\/index.php?rest_route=\/wp\/v2\/pages\/1422","targetHints":{"allow":["GET"]}}],"collection":[{"href":"https:\/\/asvn.fr\/index.php?rest_route=\/wp\/v2\/pages"}],"about":[{"href":"https:\/\/asvn.fr\/index.php?rest_route=\/wp\/v2\/types\/page"}],"author":[{"embeddable":true,"href":"https:\/\/asvn.fr\/index.php?rest_route=\/wp\/v2\/users\/2"}],"replies":[{"embeddable":true,"href":"https:\/\/asvn.fr\/index.php?rest_route=%2Fwp%2Fv2%2Fcomments&post=1422"}],"version-history":[{"count":39,"href":"https:\/\/asvn.fr\/index.php?rest_route=\/wp\/v2\/pages\/1422\/revisions"}],"predecessor-version":[{"id":1970,"href":"https:\/\/asvn.fr\/index.php?rest_route=\/wp\/v2\/pages\/1422\/revisions\/1970"}],"wp:attachment":[{"href":"https:\/\/asvn.fr\/index.php?rest_route=%2Fwp%2Fv2%2Fmedia&parent=1422"}],"curies":[{"name":"wp","href":"https:\/\/api.w.org\/{rel}","templated":true}]}}